{"id":1459,"date":"2025-11-13T16:15:40","date_gmt":"2025-11-13T14:15:40","guid":{"rendered":"https:\/\/nikitibeach.gr\/barrierefreiheits-erklaerung\/"},"modified":"2026-01-13T18:35:57","modified_gmt":"2026-01-13T16:35:57","slug":"barrierefreiheits-erklaerung","status":"publish","type":"page","link":"https:\/\/nikitibeach.gr\/de\/barrierefreiheits-erklaerung\/","title":{"rendered":"Barrierefreiheits-Erkl\u00e4rung"},"content":{"rendered":"\t\t<div data-elementor-type=\"wp-page\" data-elementor-id=\"1459\" class=\"elementor elementor-1459 elementor-664\" data-elementor-post-type=\"page\">\n\t\t\t\t<div class=\"elementor-element elementor-element-065b4ac e-flex e-con-boxed e-con e-parent\" data-id=\"065b4ac\" data-element_type=\"container\" data-e-type=\"container\" id=\"content\">\n\t\t\t\t\t<div class=\"e-con-inner\">\n\t\t\t\t<div class=\"elementor-element elementor-element-3f84171 elementor-widget elementor-widget-text-editor\" data-id=\"3f84171\" data-element_type=\"widget\" data-e-type=\"widget\" data-widget_type=\"text-editor.default\">\n\t\t\t\t\t\t\t\t\t<h2 data-start=\"253\" data-end=\"286\">\ud83e\uddfe<strong data-start=\"259\" data-end=\"286\">Barrierefreiheits-Erkl\u00e4rung<\/strong><\/h2><p data-start=\"288\" data-end=\"321\"><strong data-start=\"288\" data-end=\"305\">Zuletzt aktualisiert: <\/strong>November 2025<\/p><p data-start=\"323\" data-end=\"539\">Die Website<strong data-start=\"335\" data-end=\"369\"> WEB IoT Systems<\/strong> verpflichtet sich, digitale Barrierefreiheit f\u00fcr alle Nutzer sicherzustellen, unabh\u00e4ngig von deren F\u00e4higkeiten oder verwendeter Technologie. Unser Ziel ist es, die Website f\u00fcr jeden leicht navigierbar und benutzerfreundlich zu gestalten. <\/p><hr data-start=\"541\" data-end=\"544\"><h3 data-start=\"546\" data-end=\"576\">\ud83d\udca1 Barrierefreiheits-Standards<\/h3><p data-start=\"577\" data-end=\"790\">Diese Website wurde gem\u00e4\u00df den Richtlinien f\u00fcr barrierefreie <strong data-start=\"645\" data-end=\"696\">Webinhalte (WCAG) 2.1, <\/strong>Stufe<strong data-start=\"704\" data-end=\"710\"> AA<\/strong> gestaltet und entwickelt, die den international anerkannten Standard f\u00fcr Web-Barrierefreiheit darstellen.<\/p><p data-start=\"792\" data-end=\"823\">Zu den Barrierefreiheits-Funktionen geh\u00f6ren:<\/p><ul data-start=\"824\" data-end=\"1112\"><li data-start=\"824\" data-end=\"874\"><p data-start=\"826\" data-end=\"874\">Angemessener Farbkontrast f\u00fcr bessere Lesbarkeit<\/p><\/li><li data-start=\"875\" data-end=\"927\"><p data-start=\"877\" data-end=\"927\">Beschreibend<code data-start=\"889\" data-end=\"894\">alt<\/code> Text f\u00fcr alle wichtigen Bilder<\/p><\/li><li data-start=\"928\" data-end=\"985\"><p data-start=\"930\" data-end=\"985\">Funktionale \u201eSprunglinks\u201c f\u00fcr schnelle Tastaturnavigation<\/p><\/li><li data-start=\"986\" data-end=\"1023\"><p data-start=\"988\" data-end=\"1023\">Kompatibilit\u00e4t mit Bildschirmleseger\u00e4ten<\/p><\/li><li data-start=\"1024\" data-end=\"1074\"><p data-start=\"1026\" data-end=\"1074\">Volle Tastaturnavigation (ohne Maus nutzbar)<\/p><\/li><li data-start=\"1075\" data-end=\"1112\"><p data-start=\"1077\" data-end=\"1112\">Richtige \u00dcberschriftenhierarchie(H1\u2013H6)<\/p><\/li><\/ul><hr data-start=\"1114\" data-end=\"1117\"><h3 data-start=\"1119\" data-end=\"1143\">\ud83e\uddf0 Technologien<\/h3><p data-start=\"1298\" data-end=\"1423\">Die Barrierefreiheit wurde mit <strong data-start=\"1333\" data-end=\"1341\">WAVE <\/strong>und dem<strong data-start=\"1346\" data-end=\"1387\"> Google Lighthouse Accessibility Audit <\/strong>getestet, wobei keine Fehler festgestellt wurden.<\/p><hr data-start=\"1425\" data-end=\"1428\"><h3 data-start=\"1430\" data-end=\"1459\">\ud83d\udea7Kontinuierliche Verbesserung<\/h3><p data-start=\"1460\" data-end=\"1622\">Wir erkennen an, dass Barrierefreiheit eine fortlaufende Aufgabe ist. Wir \u00fcberwachen und verbessern unsere Website kontinuierlich, um sicherzustellen, dass sie f\u00fcr alle Nutzer vollst\u00e4ndig zug\u00e4nglich bleibt. <\/p><hr data-start=\"1624\" data-end=\"1627\"><h3 data-start=\"1629\" data-end=\"1655\">\ud83d\udcdeKontaktinformationen<\/h3><p data-start=\"1656\" data-end=\"1765\">Wenn Sie Schwierigkeiten beim Zugriff auf Informationen oder Funktionen auf dieser Website haben, kontaktieren Sie uns bitte:<\/p><p data-start=\"1767\" data-end=\"1898\"><strong data-start=\"1808\" data-end=\"1818\">Email: <\/strong>wcag@webiot.gr<br data-start=\"1805\" data-end=\"1808\"><strong data-start=\"1767\" data-end=\"1777\">Telefon:<\/strong> +30 2371 100000<br data-start=\"1845\" data-end=\"1848\"><strong data-start=\"1848\" data-end=\"1867\">Gesch\u00e4ftszeiten:<\/strong> Montag \u2013 Freitag, 09:00 \u2013 17:00<\/p><p data-start=\"1900\" data-end=\"1970\">Wir werden umgehend antworten und daran arbeiten, etwaige Barrierefreiheitsprobleme zu beheben.<\/p><hr data-start=\"1972\" data-end=\"1975\"><h3 data-start=\"1977\" data-end=\"1995\">\u2696\ufe0fRechtliche Grundlage<\/h3><p data-start=\"1715\" data-end=\"1775\">Diese Barrierefreiheits-Erkl\u00e4rung wurde erstellt in \u00dcbereinstimmung mit:<\/p><ul data-start=\"1777\" data-end=\"2106\"><li data-start=\"1777\" data-end=\"1866\"><p data-start=\"1779\" data-end=\"1866\"><strong data-start=\"1779\" data-end=\"1807\">Richtlinie (EU) 2016\/2102<\/strong> zur Barrierefreiheit von Websites und mobilen Anwendungen<\/p><\/li><li data-start=\"1867\" data-end=\"1908\"><p data-start=\"1869\" data-end=\"1908\"><strong data-start=\"1869\" data-end=\"1890\">WCAG 2.1 Level AA<\/strong> recommendations<\/p><\/li><li data-start=\"1909\" data-end=\"2106\"><p data-start=\"1911\" data-end=\"2106\"><strong data-start=\"1911\" data-end=\"1928\">Law 4994\/2022<\/strong>, die den Europ\u00e4ischen <strong data-start=\"1953\" data-end=\"1989\">Barrierefreiheitsgesetz <\/strong>(EAA) in die griechische Gesetzgebung integriert und Anforderungen f\u00fcr den universellen Zugang zu digitalen Dienstleistungen und Produkten in Griechenland festlegt.<\/p><\/li><\/ul>\t\t\t\t\t\t\t\t<\/div>\n\t\t\t\t\t<\/div>\n\t\t\t\t<\/div>\n\t\t\t\t<\/div>\n\t\t","protected":false},"excerpt":{"rendered":"<p>\ud83e\uddfeBarrierefreiheits-Erkl\u00e4rung Zuletzt aktualisiert: November 2025 Die Website WEB IoT Systems verpflichtet sich, digitale Barrierefreiheit f\u00fcr alle Nutzer sicherzustellen, unabh\u00e4ngig von deren F\u00e4higkeiten oder verwendeter Technologie. Unser Ziel ist es, die Website f\u00fcr jeden leicht navigierbar und benutzerfreundlich zu gestalten. \ud83d\udca1 Barrierefreiheits-Standards Diese Website wurde gem\u00e4\u00df den Richtlinien f\u00fcr barrierefreie Webinhalte (WCAG) 2.1, Stufe AA gestaltet [&hellip;]<\/p>\n","protected":false},"author":1,"featured_media":0,"parent":0,"menu_order":0,"comment_status":"closed","ping_status":"closed","template":"","meta":{"footnotes":""},"class_list":["post-1459","page","type-page","status-publish","hentry"],"_links":{"self":[{"href":"https:\/\/nikitibeach.gr\/de\/wp-json\/wp\/v2\/pages\/1459","targetHints":{"allow":["GET"]}}],"collection":[{"href":"https:\/\/nikitibeach.gr\/de\/wp-json\/wp\/v2\/pages"}],"about":[{"href":"https:\/\/nikitibeach.gr\/de\/wp-json\/wp\/v2\/types\/page"}],"author":[{"embeddable":true,"href":"https:\/\/nikitibeach.gr\/de\/wp-json\/wp\/v2\/users\/1"}],"replies":[{"embeddable":true,"href":"https:\/\/nikitibeach.gr\/de\/wp-json\/wp\/v2\/comments?post=1459"}],"version-history":[{"count":11,"href":"https:\/\/nikitibeach.gr\/de\/wp-json\/wp\/v2\/pages\/1459\/revisions"}],"predecessor-version":[{"id":1471,"href":"https:\/\/nikitibeach.gr\/de\/wp-json\/wp\/v2\/pages\/1459\/revisions\/1471"}],"wp:attachment":[{"href":"https:\/\/nikitibeach.gr\/de\/wp-json\/wp\/v2\/media?parent=1459"}],"curies":[{"name":"wp","href":"https:\/\/api.w.org\/{rel}","templated":true}]}}