{"id":1637,"date":"2025-11-12T14:09:48","date_gmt":"2025-11-12T12:09:48","guid":{"rendered":"https:\/\/nikitibeach.gr\/liste-der-dienstleistungen\/"},"modified":"2026-03-11T14:06:24","modified_gmt":"2026-03-11T12:06:24","slug":"liste-der-dienstleistungen","status":"publish","type":"page","link":"https:\/\/nikitibeach.gr\/de\/liste-der-dienstleistungen\/","title":{"rendered":"Liste der Dienstleistungen"},"content":{"rendered":"\t\t<div data-elementor-type=\"wp-page\" data-elementor-id=\"1637\" class=\"elementor elementor-1637 elementor-435\" data-elementor-post-type=\"page\">\n\t\t\t\t<div class=\"elementor-element elementor-element-24b510c e-con-full e-flex e-con e-parent\" data-id=\"24b510c\" data-element_type=\"container\" data-e-type=\"container\" id=\"content\" data-settings=\"{&quot;background_background&quot;:&quot;classic&quot;}\">\n\t\t\t\t<div class=\"elementor-element elementor-element-e56532a elementor-widget elementor-widget-heading\" data-id=\"e56532a\" data-element_type=\"widget\" data-e-type=\"widget\" data-widget_type=\"heading.default\">\n\t\t\t\t\t<h2 class=\"elementor-heading-title elementor-size-default\">Liste der Dienstleistungen<\/h2>\t\t\t\t<\/div>\n\t\t\t\t<\/div>\n\t\t\t\t<section class=\"elementor-section elementor-top-section elementor-element elementor-element-a6b9804 elementor-section-boxed elementor-section-height-default elementor-section-height-default\" data-id=\"a6b9804\" data-element_type=\"section\" data-e-type=\"section\">\n\t\t\t\t\t\t<div class=\"elementor-container elementor-column-gap-default\">\n\t\t\t\t\t<div class=\"elementor-column elementor-col-100 elementor-top-column elementor-element elementor-element-b718be1\" data-id=\"b718be1\" data-element_type=\"column\" data-e-type=\"column\">\n\t\t\t<div class=\"elementor-widget-wrap elementor-element-populated\">\n\t\t\t\t\t\t<div class=\"elementor-element elementor-element-d2a70f8 elementor-widget elementor-widget-text-editor\" data-id=\"d2a70f8\" data-element_type=\"widget\" data-e-type=\"widget\" data-widget_type=\"text-editor.default\">\n\t\t\t\t\t\t\t\t\t<p><span lang=\"EN-US\">Lieber Gast!<\/span><\/p>\n<p><span lang=\"EN-US\">Vielen Dank, dass Sie sich f\u00fcr Nikiti Beach als Urlaubsziel entschieden haben.<\/span><\/p>\n<p><span lang=\"EN-US\">Wir m\u00f6chten Sie dar\u00fcber informieren, dass sich die Einrichtungen und komplexen Dienstleistungen ausschlie\u00dflich an G\u00e4ste richten, die darin wohnen.<\/span><\/p>\n<p><span lang=\"EN-US\">Auf den folgenden Seiten finden Sie Informationen \u00fcber das Nikiti Beach und seine Dienstleistungen, die Ihnen helfen werden, Ihren Aufenthalt komfortabler und angenehmer zu gestalten.<\/span><\/p>\n<p><b><span lang=\"EN-US\">KLIMAANLAGE \u2013 HEIZUNG<\/span><\/b><b><\/b><\/p>\n<p><span lang=\"EN-US\">Alle Zimmer verf\u00fcgen \u00fcber eine individuelle Klimaanlage und Heizung. Bitte stellen Sie sicher, dass Sie die Klimaanlage nicht in Betrieb lassen, w\u00e4hrend Sie sich nicht in der Wohnung aufhalten. <\/span><\/p>\n<p><b><span lang=\"EN-US\">FR\u00dcHST\u00dcCKSBUFFET<\/span><\/b><b><\/b><\/p>\n<p>Von 8.00 bis 10.30 Uhr in der \u201eTAVERNA ANTIGONI\u201c, Selbstbedienung<br>Das Mitnehmen von Speisen und Getr\u00e4nken zum sp\u00e4teren Verzehr ist nicht gestattet<\/p>\n<p><b style=\"color: var(--tevily-body-color); font-family: var(--tevily-font-sans-serif); letter-spacing: -0.2px;\"><span lang=\"EN-US\">STROMSPANNUNG<\/span><\/b><\/p>\n<p><span lang=\"EN-US\">Die Stromst\u00e4rke betr\u00e4gt 220 VOLT<\/span><\/p>\n<p><b><span lang=\"EN-US\">SCH\u00c4DEN <\/span><\/b><b><\/b><\/p>\n<p><span lang=\"EN-US\">Jegliche Sch\u00e4den an Gegenst\u00e4nden, die Eigentum von Nikiti Beach sind und vom Kunden zu verantworten sind, werden bei der Abreise mit einer Entsch\u00e4digung ab 50 \u20ac und bis zu 500 \u20ac berechnet.<\/span><\/p>\n<p><b><span lang=\"EN-US\">ABFAHRT<\/span><\/b><b><\/b><\/p>\n<p>Bitte verlassen Sie Ihr Zimmer am Abreisetag bis sp\u00e4testens 11:00 Uhr. Wenn Sie eine Tagesnutzung ben\u00f6tigen, kontaktieren Sie uns bitte 1 Tag im Voraus. Die Geb\u00fchr f\u00fcr eine Tagesnutzung (nach Verf\u00fcgbarkeit) bis 18:00 Uhr betr\u00e4gt 50 \u20ac bis 100 \u20ac.<\/p>\n<p><b><span lang=\"EN-US\">EINGANG<\/span><\/b><b><\/b><\/p>\n<p><span lang=\"EN-US\">Der Einlass am Nikiti Beach zur Ankunftszeit nur in Begleitung von uns und auch Besuchern oder Arbeitspartnern ist der Zutritt zu den Einrichtungen ohne Begleitung von uns nicht gestattet. <\/span><\/p>\n<p><b><span lang=\"EN-US\">PERS\u00d6NLICHE ELEKTRISCHE GER\u00c4TE<\/span><\/b><b><\/b><\/p>\n<p><span lang=\"EN-US\">Die Nutzung privater elektrischer Ger\u00e4te in den Zimmern des Nikiti Beach ist nicht gestattet, wie z. B. Toaster, Grills, Kaffeemaschinen<\/span><\/p>\n<p><span lang=\"EN-US\">(medizinisch notwendige Ger\u00e4te und Ladeger\u00e4te ausgeschlossen)<\/span><\/p>\n<p><b><span lang=\"EN-US\">BETTW\u00c4SCHE UND HANDT\u00dcCHER<\/span><\/b><b><\/b><\/p>\n<p><span lang=\"EN-US\">Die Verwendung von wei\u00dfen Handt\u00fcchern und Bettw\u00e4sche au\u00dferhalb des Zimmers ist nicht gestattet. Vernichtung oder Verlust gehen zu Lasten des Kunden. <\/span><\/p>\n<p><b><span lang=\"EN-US\">PARKEN<\/span><\/b><b><\/b><\/p>\n<p><span lang=\"EN-US\">Keine Haftung f\u00fcr auf dem Gel\u00e4nde von Nikiti Beach abgestellte Fahrzeuge (Diebstahl, Besch\u00e4digung durch Dritte oder Wetterph\u00e4nomene)<\/span><\/p>\n<p>Ein Stellplatz im Privaten Parkplatz von Nikiti Beach kostet 12\u20ac\/ Tag in&nbsp; August, und 10\u20ac\/Tag in den restlichen Monaten.<\/p>\n<div><b style=\"color: var(--tevily-body-color); font-family: var(--tevily-font-sans-serif); letter-spacing: -0.2px;\"><span lang=\"EN-US\">HAUSTIERE<\/span><\/b><\/div>\n<p>Es ist nicht gestattet, Haustiere jeglicher Gr\u00f6\u00dfe im gesamten Bereich des Nikiti Beach zu halten<\/p>\n<p>MITTAGSRUHE<\/p>\n<p><span lang=\"EN-US\">Bitte halten Sie zwischen 14:30 und 17:30 Uhr den Gemeinschaftsfrieden ein<\/span><\/p>\n<p><b><span lang=\"EN-US\">INSTANDSETZUNG<\/span><\/b><b><\/b><\/p>\n<p><span lang=\"EN-US\">Sollten Reparaturen in Ihrem Zimmer notwendig sein, kontaktieren Sie uns bitte. Eventuelle Sch\u00e4den werden in der Regel noch am selben Tag behoben. Wir danken f\u00fcr Ihr Verst\u00e4ndnis, dass es aufgrund au\u00dfergew\u00f6hnlicher technischer Probleme zu Verz\u00f6gerungen bei der Reparatur kommen kann. <\/span><\/p>\n<p><b><span lang=\"EN-US\">K\u00dcHLSCHRANK<\/span><\/b><b><\/b><\/p>\n<p><span lang=\"EN-US\">Jedes Zimmer ist mit einem kleinen K\u00fchlschrank ausgestattet, dessen Nutzung kostenlos ist.<\/span><\/p>\n<p><b><span lang=\"EN-US\">TOILETTEN<\/span><\/b><b><\/b><\/p>\n<p><span lang=\"EN-US\">Es ist nicht gestattet, Toilettenpapier, Toilettenartikel oder Damenartikel in die Toilette zu werfen.<\/span><\/p>\n<p><b><span lang=\"EN-US\">WASSER<\/span><\/b><b><\/b><\/p>\n<p><span lang=\"EN-US\">Das Wasser stammt aus dem Wasserversorgungsnetz der Gemeinde und ist nicht trinkbar. Wir empfehlen Ihnen, nur abgef\u00fclltes Wasser zu trinken.<\/span><\/p>\n<p><b><span lang=\"EN-US\">INTERNET<\/span><\/b><b><\/b><\/p>\n<p><span lang=\"EN-US\">Internetzugang ist \u00fcberall im Hotel \u00fcber WIFI \/ WLAN und in allen Zimmern (\u00fcber den Ihnen gegebenen Code) verf\u00fcgbar<\/span><\/p>\n<p><b><span lang=\"EN-US\">WIFI \u2013 Allgemeine Gesch\u00e4ftsbedingungen<\/span><\/b><b><\/b><\/p>\n<p><span lang=\"EN-US\">Nikiti Beach bietet G\u00e4sten, die ans\u00e4ssig sind, kostenlosen drahtlosen Internetzugang, der \u00fcber eine t\u00e4gliche Datenmenge bereitgestellt wird und nur am Nikiti Beach-Standort g\u00fcltig ist, an dem der Gast derzeit wohnt.<\/span><\/p>\n<p><span lang=\"EN-US\">Der kostenlose drahtlose Internetzugang wird mit der Erwartung bereitgestellt, dass die G\u00e4ste diesen Service auf rechtm\u00e4\u00dfige, professionelle und verantwortungsbewusste Weise nutzen.<\/span><\/p>\n<p><span lang=\"EN-US\"> Der Dienst ist nicht f\u00fcr Daten\u00fcbertragungen mit hohem Datenvolumen vorgesehen, insbesondere nicht f\u00fcr anhaltende Daten\u00fcbertragungen mit hohem Datenvolumen, Videokonferenzen, Peer-2-Peer-Downloads usw.<\/span><\/p>\n<p><span lang=\"EN-US\">Der Free Wireless Internet Access Service darf auf 1 Ger\u00e4t\/Person genutzt werden.<\/span><\/p>\n<p><span lang=\"EN-US\">Obwohl sich Nikiti Beach nach besten Kr\u00e4ften bem\u00fcht, den Dienst jederzeit verf\u00fcgbar zu haben, garantiert Nikiti Beach die Verf\u00fcgbarkeit des Dienstes nicht und haftet in keiner Weise f\u00fcr Verluste oder Sch\u00e4den, die durch oder aus folgenden Gr\u00fcnden verursacht werden: die Nichtverf\u00fcgbarkeit oder Unterbrechung des Dienstes aus irgendeinem Grund.<\/span><\/p>\n<p><b><span lang=\"EN-US\">Check-in ab 15:00 Uhr<\/span><\/b><\/p>\n<p><b><span lang=\"EN-US\">Auschecken bis 11:00 Uhr<\/span><\/b><\/p>\n<p><b><span lang=\"EN-US\">Die Bewirtung zus\u00e4tzlicher Personen ist nicht gestattet.<br><\/span><\/b><\/p>\t\t\t\t\t\t\t\t<\/div>\n\t\t\t\t\t<\/div>\n\t\t<\/div>\n\t\t\t\t\t<\/div>\n\t\t<\/section>\n\t\t\t\t<\/div>\n\t\t","protected":false},"excerpt":{"rendered":"<p>Liste der Dienstleistungen Lieber Gast! Vielen Dank, dass Sie sich f\u00fcr Nikiti Beach als Urlaubsziel entschieden haben. Wir m\u00f6chten Sie dar\u00fcber informieren, dass sich die Einrichtungen und komplexen Dienstleistungen ausschlie\u00dflich an G\u00e4ste richten, die darin wohnen. Auf den folgenden Seiten finden Sie Informationen \u00fcber das Nikiti Beach und seine Dienstleistungen, die Ihnen helfen werden, Ihren [&hellip;]<\/p>\n","protected":false},"author":1,"featured_media":0,"parent":0,"menu_order":0,"comment_status":"closed","ping_status":"closed","template":"","meta":{"footnotes":""},"class_list":["post-1637","page","type-page","status-publish","hentry"],"_links":{"self":[{"href":"https:\/\/nikitibeach.gr\/de\/wp-json\/wp\/v2\/pages\/1637","targetHints":{"allow":["GET"]}}],"collection":[{"href":"https:\/\/nikitibeach.gr\/de\/wp-json\/wp\/v2\/pages"}],"about":[{"href":"https:\/\/nikitibeach.gr\/de\/wp-json\/wp\/v2\/types\/page"}],"author":[{"embeddable":true,"href":"https:\/\/nikitibeach.gr\/de\/wp-json\/wp\/v2\/users\/1"}],"replies":[{"embeddable":true,"href":"https:\/\/nikitibeach.gr\/de\/wp-json\/wp\/v2\/comments?post=1637"}],"version-history":[{"count":5,"href":"https:\/\/nikitibeach.gr\/de\/wp-json\/wp\/v2\/pages\/1637\/revisions"}],"predecessor-version":[{"id":2000,"href":"https:\/\/nikitibeach.gr\/de\/wp-json\/wp\/v2\/pages\/1637\/revisions\/2000"}],"wp:attachment":[{"href":"https:\/\/nikitibeach.gr\/de\/wp-json\/wp\/v2\/media?parent=1637"}],"curies":[{"name":"wp","href":"https:\/\/api.w.org\/{rel}","templated":true}]}}