{"id":1641,"date":"2025-11-12T13:34:53","date_gmt":"2025-11-12T11:34:53","guid":{"rendered":"https:\/\/nikitibeach.gr\/cookies-gesetz\/"},"modified":"2026-01-13T20:27:27","modified_gmt":"2026-01-13T18:27:27","slug":"cookies-gesetz","status":"publish","type":"page","link":"https:\/\/nikitibeach.gr\/de\/cookies-gesetz\/","title":{"rendered":"Cookies Gesetz"},"content":{"rendered":"\t\t<div data-elementor-type=\"wp-page\" data-elementor-id=\"1641\" class=\"elementor elementor-1641 elementor-366\" data-elementor-post-type=\"page\">\n\t\t\t\t<div class=\"elementor-element elementor-element-09c3f18 e-con-full e-flex e-con e-parent\" data-id=\"09c3f18\" data-element_type=\"container\" data-e-type=\"container\" id=\"content\" data-settings=\"{&quot;background_background&quot;:&quot;classic&quot;}\">\n\t\t\t\t<div class=\"elementor-element elementor-element-cd34d0c elementor-widget elementor-widget-heading\" data-id=\"cd34d0c\" data-element_type=\"widget\" data-e-type=\"widget\" data-widget_type=\"heading.default\">\n\t\t\t\t\t<h2 class=\"elementor-heading-title elementor-size-default\">Cookies Gesetz<\/h2>\t\t\t\t<\/div>\n\t\t\t\t<\/div>\n\t\t\t\t<section class=\"elementor-section elementor-top-section elementor-element elementor-element-1563549 elementor-section-boxed elementor-section-height-default elementor-section-height-default\" data-id=\"1563549\" data-element_type=\"section\" data-e-type=\"section\">\n\t\t\t\t\t\t<div class=\"elementor-container elementor-column-gap-default\">\n\t\t\t\t\t<div class=\"elementor-column elementor-col-100 elementor-top-column elementor-element elementor-element-3756f8f\" data-id=\"3756f8f\" data-element_type=\"column\" data-e-type=\"column\">\n\t\t\t<div class=\"elementor-widget-wrap elementor-element-populated\">\n\t\t\t\t\t\t<div class=\"elementor-element elementor-element-e875979 elementor-widget elementor-widget-text-editor\" data-id=\"e875979\" data-element_type=\"widget\" data-e-type=\"widget\" data-widget_type=\"text-editor.default\">\n\t\t\t\t\t\t\t\t\t<p><strong>Was ist ein Cookie?<\/strong><\/p><p>Der Begriff \u201cCookie\u201d bezieht sich auf eine kleine Datendatei, die ausschlie\u00dflich aus einer Reihe von Textinformationen besteht, die die Website an den Webbrowser auf der Festplatte Ihres Computers \u00fcbermittelt, entweder vor\u00fcbergehend w\u00e4hrend Ihres Besuchs oder manchmal f\u00fcr l\u00e4ngere Zeitr\u00e4ume, je nach Art des Cookies. Cookies erf\u00fcllen verschiedene Funktionen (z. B. unterscheiden sie Sie von anderen Besuchern derselben Website oder speichern bestimmte Dinge wie Ihre Pr\u00e4ferenzen) und werden von den meisten Websites verwendet, um Ihre Benutzerfreundlichkeit zu verbessern. <\/p><p>Jedes Cookie ist einzigartig f\u00fcr Ihren Browser und enth\u00e4lt einige anonyme Informationen. Ein Cookie enth\u00e4lt in der Regel den Namen des Cookie-Feldes, die Lebensdauer des Cookies und einen Wert (in der Regel in Form einer zuf\u00e4llig generierten eindeutigen Nummer). <\/p><p><strong>Die Cookies auf dieser Website und wie man sie verwaltet<\/strong><\/p><p>Auf dieser Website verwenden wir Cookies, um die Nutzung der Website durch ihre Besucher zu verbessern. Die Funktionsweise der Website wird erheblich beeintr\u00e4chtigt, wenn Sie die Verwendung von Cookies deaktivieren oder nicht damit einverstanden sind. <\/p><p>wie Sie diese deaktivieren k\u00f6nnen und welche Auswirkungen die Deaktivierung auf die Funktionalit\u00e4t der Website hat. Wenn Sie weitere Informationen dar\u00fcber w\u00fcnschen, wie Sie bestimmte Arten von Cookies verwalten k\u00f6nnen, einschlie\u00dflich der Frage, wie Sie sie \u00fcberpr\u00fcfen oder l\u00f6schen k\u00f6nnen, besuchen Sie bitte: aboutcookies.org. <\/p><p><strong>Google-Analytics-Cookies<\/strong><\/p><p>Google-Analytics-Cookies sind Leistungsanalyse-\/Leistungs-Cookies, die es uns erm\u00f6glichen, anonyme Informationen dar\u00fcber zu sammeln, wie Besucher unsere Website nutzen. Diese Cookies geben Aufschluss dar\u00fcber, wie viele Besucher die Website nutzen, wann und wie lange sie darauf zugreifen, und sie liefern Informationen dar\u00fcber, wie die Besucher auf der Website navigieren. Diese Informationen helfen uns, die Funktionsweise unserer Website zu verbessern. Es handelt sich um anonyme Informationen, die keine pers\u00f6nlichen Daten enthalten.   <\/p><p>Die von den Google-Analytics-Cookies \u00fcber unsere Website gesammelten Informationen werden in \u00dcbereinstimmung mit den Datenschutzbestimmungen von Google auf Google-Server \u00fcbertragen und gespeichert.<\/p><p><strong>\u00dcber den Server dieser Website<\/strong><\/p><p>Der gesamte Online-Verkehr (Datei\u00fcbertragung) zwischen dieser Website und Ihrem Browser ist verschl\u00fcsselt und wird \u00fcber das HTTPS-Protokoll mit SSL (Secure Sockets Layer) \u00fcbertragen.<\/p>\t\t\t\t\t\t\t\t<\/div>\n\t\t\t\t\t<\/div>\n\t\t<\/div>\n\t\t\t\t\t<\/div>\n\t\t<\/section>\n\t\t\t\t<\/div>\n\t\t","protected":false},"excerpt":{"rendered":"<p>Cookies Gesetz Was ist ein Cookie? Der Begriff \u201cCookie\u201d bezieht sich auf eine kleine Datendatei, die ausschlie\u00dflich aus einer Reihe von Textinformationen besteht, die die Website an den Webbrowser auf der Festplatte Ihres Computers \u00fcbermittelt, entweder vor\u00fcbergehend w\u00e4hrend Ihres Besuchs oder manchmal f\u00fcr l\u00e4ngere Zeitr\u00e4ume, je nach Art des Cookies. Cookies erf\u00fcllen verschiedene Funktionen (z. [&hellip;]<\/p>\n","protected":false},"author":1,"featured_media":0,"parent":0,"menu_order":0,"comment_status":"closed","ping_status":"closed","template":"","meta":{"footnotes":""},"class_list":["post-1641","page","type-page","status-publish","hentry"],"_links":{"self":[{"href":"https:\/\/nikitibeach.gr\/de\/wp-json\/wp\/v2\/pages\/1641","targetHints":{"allow":["GET"]}}],"collection":[{"href":"https:\/\/nikitibeach.gr\/de\/wp-json\/wp\/v2\/pages"}],"about":[{"href":"https:\/\/nikitibeach.gr\/de\/wp-json\/wp\/v2\/types\/page"}],"author":[{"embeddable":true,"href":"https:\/\/nikitibeach.gr\/de\/wp-json\/wp\/v2\/users\/1"}],"replies":[{"embeddable":true,"href":"https:\/\/nikitibeach.gr\/de\/wp-json\/wp\/v2\/comments?post=1641"}],"version-history":[{"count":3,"href":"https:\/\/nikitibeach.gr\/de\/wp-json\/wp\/v2\/pages\/1641\/revisions"}],"predecessor-version":[{"id":1644,"href":"https:\/\/nikitibeach.gr\/de\/wp-json\/wp\/v2\/pages\/1641\/revisions\/1644"}],"wp:attachment":[{"href":"https:\/\/nikitibeach.gr\/de\/wp-json\/wp\/v2\/media?parent=1641"}],"curies":[{"name":"wp","href":"https:\/\/api.w.org\/{rel}","templated":true}]}}