{"id":1651,"date":"2025-11-12T13:42:41","date_gmt":"2025-11-12T11:42:41","guid":{"rendered":"https:\/\/nikitibeach.gr\/%cf%80%ce%bf%ce%bb%ce%b9%cf%84%ce%b9%ce%ba%ce%ae-%ce%b1%cf%80%ce%bf%cf%81%cf%81%ce%ae%cf%84%ce%bf%cf%85\/"},"modified":"2026-01-14T16:47:17","modified_gmt":"2026-01-14T14:47:17","slug":"datenschutzbestimmungen","status":"publish","type":"page","link":"https:\/\/nikitibeach.gr\/de\/datenschutzbestimmungen\/","title":{"rendered":"Datenschutzbestimmungen"},"content":{"rendered":"\t\t<div data-elementor-type=\"wp-page\" data-elementor-id=\"1651\" class=\"elementor elementor-1651 elementor-377\" data-elementor-post-type=\"page\">\n\t\t\t\t<div class=\"elementor-element elementor-element-5d38f89 e-con-full e-flex e-con e-parent\" data-id=\"5d38f89\" data-element_type=\"container\" data-e-type=\"container\" id=\"content\" data-settings=\"{&quot;background_background&quot;:&quot;classic&quot;}\">\n\t\t\t\t<div class=\"elementor-element elementor-element-9329d5c elementor-widget elementor-widget-heading\" data-id=\"9329d5c\" data-element_type=\"widget\" data-e-type=\"widget\" data-widget_type=\"heading.default\">\n\t\t\t\t\t<h2 class=\"elementor-heading-title elementor-size-default\"> Datenschutzbestimmungen<\/h2>\t\t\t\t<\/div>\n\t\t\t\t<\/div>\n\t\t\t\t<section class=\"elementor-section elementor-top-section elementor-element elementor-element-57490fc elementor-section-boxed elementor-section-height-default elementor-section-height-default\" data-id=\"57490fc\" data-element_type=\"section\" data-e-type=\"section\">\n\t\t\t\t\t\t<div class=\"elementor-container elementor-column-gap-default\">\n\t\t\t\t\t<div class=\"elementor-column elementor-col-100 elementor-top-column elementor-element elementor-element-4c99f5f\" data-id=\"4c99f5f\" data-element_type=\"column\" data-e-type=\"column\">\n\t\t\t<div class=\"elementor-widget-wrap elementor-element-populated\">\n\t\t\t\t\t\t<div class=\"elementor-element elementor-element-049ddc3 elementor-widget__width-initial elementor-widget elementor-widget-text-editor\" data-id=\"049ddc3\" data-element_type=\"widget\" data-e-type=\"widget\" data-widget_type=\"text-editor.default\">\n\t\t\t\t\t\t\t\t\t<p><strong>Kundendienst<\/strong><\/p>\n<p>Telefon: +302375023230<\/p>\n<ul>\n<li>Email:<span id=\"cloakeb4aa744c2b15d4c74809dbf0da9b822\"><a href=\"mailto:info@nikitibeach.gr\">info@nikitibeach.gr<\/a>&nbsp;<\/span><\/li>\n<\/ul>\n<p>Die Nutzung der elektronischen Seiten und Dienste, die dem Besucher von nikitibeach.gr, Eigentum von \u201eNikiti Beach\u201c, zur Verf\u00fcgung gestellt werden, impliziert Ihre vorbehaltlose Zustimmung zu den Datenschutzrichtlinien dieser Website. Daher muss der Besucher den Inhalt dieser Seite sorgf\u00e4ltig lesen, bevor er die Dienste unserer Website nutzt. Wenn er nicht einverstanden ist, muss er ihn verlassen und seine Dienste und Inhalte NIEMALS nutzen.<\/p>\n<p>Diese Datenschutzrichtlinie kann sich von Zeit zu Zeit entsprechend der Gesetzgebung oder Branchenentwicklungen \u00e4ndern. Wir werden unsere Kunden oder Benutzer unserer Website nicht explizit \u00fcber diese \u00c4nderungen informieren. Stattdessen empfehlen wir Ihnen, diese Seite gelegentlich auf \u00c4nderungen an dieser Datenschutzrichtlinie zu \u00fcberpr\u00fcfen. Die fortgesetzte Nutzung unserer Website auch nach \u00c4nderungen der Datenschutzrichtlinie bedeutet die bedingungslose Annahme dieser Bedingungen in Ihrem Namen.<\/p>\n<p><strong>Schutz personenbezogener Daten<\/strong><\/p>\n<p>Wir erheben und verarbeiten Ihre personenbezogenen Daten nur, wenn dies unbedingt erforderlich ist.<\/p>\n<p>Wir werden Ihre personenbezogenen Daten niemals verkaufen, vermieten, verteilen oder in irgendeiner Weise ver\u00f6ffentlichen.<\/p>\n<p><strong>Verfolgung des Website-Verkehrs<\/strong><\/p>\n<p>Wie die meisten Websites verwenden wir Google Analytics (GA), um die Benutzeraktivit\u00e4ten zu \u00fcberwachen. <br>Wir verwenden diese Daten, um die Anzahl der Personen zu ermitteln, die unsere Website nutzen, um besser zu verstehen, wie wir unsere Webseiten finden und verwenden, und um ihren Fortschritt auf der Website zu sehen. <br>Obwohl GA Daten wie Ihren geografischen Standort, Ihr Ger\u00e4t, Ihren Webbrowser und Ihr Betriebssystem aufzeichnet, macht Sie uns keine dieser Informationen pers\u00f6nlich bekannt. GA zeichnet auch die IP-Adresse Ihres Computers auf, die verwendet werden k\u00f6nnte, um Sie zu identifizieren, aber Google gew\u00e4hrt keinen Zugriff darauf. Wir glauben, dass Google ein dritter Datenverarbeiter ist, der die Anforderungen der europ\u00e4ischen Gesetzgebung erf\u00fcllt.<\/p>\n<p><strong>Kontaktformulare und E-Mail-Links<\/strong><\/p>\n<p>Wenn Sie sich entscheiden, uns \u00fcber ein Kontaktformular oder einen E-Mail-Link zu kontaktieren, werden keine der von Ihnen angegebenen Daten von dieser Website gespeichert oder von einem externen Datenverarbeiter \u00fcbertragen oder verarbeitet, wie unten im Abschnitt \u201eUnsere Drittanbieter Datenverarbeiter\u201c. Stattdessen werden diese Daten \u00fcber das Simple Mail Transfer Protocol (SMTP) per E-Mail an uns gesendet. Der Inhalt der E-Mail wird von unseren lokalen Computern und Ger\u00e4ten entschl\u00fcsselt.<\/p>\t\t\t\t\t\t\t\t<\/div>\n\t\t\t\t\t<\/div>\n\t\t<\/div>\n\t\t\t\t\t<\/div>\n\t\t<\/section>\n\t\t\t\t<\/div>\n\t\t","protected":false},"excerpt":{"rendered":"<p>Datenschutzbestimmungen Kundendienst Telefon: +302375023230 Email:info@nikitibeach.gr&nbsp; Die Nutzung der elektronischen Seiten und Dienste, die dem Besucher von nikitibeach.gr, Eigentum von \u201eNikiti Beach\u201c, zur Verf\u00fcgung gestellt werden, impliziert Ihre vorbehaltlose Zustimmung zu den Datenschutzrichtlinien dieser Website. Daher muss der Besucher den Inhalt dieser Seite sorgf\u00e4ltig lesen, bevor er die Dienste unserer Website nutzt. Wenn er nicht einverstanden [&hellip;]<\/p>\n","protected":false},"author":1,"featured_media":0,"parent":0,"menu_order":0,"comment_status":"closed","ping_status":"closed","template":"","meta":{"footnotes":""},"class_list":["post-1651","page","type-page","status-publish","hentry"],"_links":{"self":[{"href":"https:\/\/nikitibeach.gr\/de\/wp-json\/wp\/v2\/pages\/1651","targetHints":{"allow":["GET"]}}],"collection":[{"href":"https:\/\/nikitibeach.gr\/de\/wp-json\/wp\/v2\/pages"}],"about":[{"href":"https:\/\/nikitibeach.gr\/de\/wp-json\/wp\/v2\/types\/page"}],"author":[{"embeddable":true,"href":"https:\/\/nikitibeach.gr\/de\/wp-json\/wp\/v2\/users\/1"}],"replies":[{"embeddable":true,"href":"https:\/\/nikitibeach.gr\/de\/wp-json\/wp\/v2\/comments?post=1651"}],"version-history":[{"count":5,"href":"https:\/\/nikitibeach.gr\/de\/wp-json\/wp\/v2\/pages\/1651\/revisions"}],"predecessor-version":[{"id":1687,"href":"https:\/\/nikitibeach.gr\/de\/wp-json\/wp\/v2\/pages\/1651\/revisions\/1687"}],"wp:attachment":[{"href":"https:\/\/nikitibeach.gr\/de\/wp-json\/wp\/v2\/media?parent=1651"}],"curies":[{"name":"wp","href":"https:\/\/api.w.org\/{rel}","templated":true}]}}