{"id":1664,"date":"2025-11-12T13:59:54","date_gmt":"2025-11-12T11:59:54","guid":{"rendered":"https:\/\/nikitibeach.gr\/zahlungsarten\/"},"modified":"2026-01-14T11:57:02","modified_gmt":"2026-01-14T09:57:02","slug":"zahlungsarten","status":"publish","type":"page","link":"https:\/\/nikitibeach.gr\/de\/zahlungsarten\/","title":{"rendered":"Zahlungsarten"},"content":{"rendered":"\t\t<div data-elementor-type=\"wp-page\" data-elementor-id=\"1664\" class=\"elementor elementor-1664 elementor-412\" data-elementor-post-type=\"page\">\n\t\t\t\t<div class=\"elementor-element elementor-element-ace90d4 e-con-full e-flex e-con e-parent\" data-id=\"ace90d4\" data-element_type=\"container\" data-e-type=\"container\" id=\"content\" data-settings=\"{&quot;background_background&quot;:&quot;classic&quot;}\">\n\t\t\t\t<div class=\"elementor-element elementor-element-3d91e1c elementor-widget elementor-widget-heading\" data-id=\"3d91e1c\" data-element_type=\"widget\" data-e-type=\"widget\" data-widget_type=\"heading.default\">\n\t\t\t\t\t<h2 class=\"elementor-heading-title elementor-size-default\">Zahlungsarten<\/h2>\t\t\t\t<\/div>\n\t\t\t\t<\/div>\n\t\t\t\t<section class=\"elementor-section elementor-top-section elementor-element elementor-element-eeab580 elementor-section-boxed elementor-section-height-default elementor-section-height-default\" data-id=\"eeab580\" data-element_type=\"section\" data-e-type=\"section\">\n\t\t\t\t\t\t<div class=\"elementor-container elementor-column-gap-default\">\n\t\t\t\t\t<div class=\"elementor-column elementor-col-100 elementor-top-column elementor-element elementor-element-42bdc57\" data-id=\"42bdc57\" data-element_type=\"column\" data-e-type=\"column\">\n\t\t\t<div class=\"elementor-widget-wrap elementor-element-populated\">\n\t\t\t\t\t\t<div class=\"elementor-element elementor-element-3c8c072 elementor-widget__width-initial elementor-widget elementor-widget-text-editor\" data-id=\"3c8c072\" data-element_type=\"widget\" data-e-type=\"widget\" data-widget_type=\"text-editor.default\">\n\t\t\t\t\t\t\t\t\t<p><strong>Die Zahlung kann erfolgen:<\/strong><\/p><p>Die Buchungsbest\u00e4tigung ist erst nach Eingang einer Anzahlung von 25 % der Gesamtkosten g\u00fcltig.<\/p><p><strong> a) Bank\u00fcberweisung<\/strong><\/p><p>Zahlen Sie per Bank\u00fcberweisung<\/p><p><img fetchpriority=\"high\" decoding=\"async\" class=\"alignnone size-full wp-image-419\" src=\"https:\/\/nikitibeach.gr\/wp-content\/uploads\/2025\/11\/bank-transfer.png\" alt=\"\" width=\"256\" height=\"256\" srcset=\"https:\/\/nikitibeach.gr\/wp-content\/uploads\/2025\/11\/bank-transfer.png 256w, https:\/\/nikitibeach.gr\/wp-content\/uploads\/2025\/11\/bank-transfer-150x150.png 150w\" sizes=\"(max-width: 256px) 100vw, 256px\" \/><\/p><p><strong>b) Paypal <\/strong><\/p><p><img decoding=\"async\" class=\"alignnone wp-image-418\" src=\"https:\/\/nikitibeach.gr\/wp-content\/uploads\/2025\/11\/paypal_visa-150x150-1.png\" alt=\"\" width=\"175\" height=\"175\"><\/p><p>PayPal erm\u00f6glicht es jedem mit einer E-Mail-Adresse, online Geld zu senden und zu empfangen, und ist das erfahrenste Kreditkarten- und Scheckverarbeitungsunternehmen im Internet.<\/p><p>PayPal nutzt bestehende Finanzinfrastrukturen von Bankkonten und Kreditkarten und fungiert als einziger Vermittler zwischen dem K\u00e4ufer (Ihnen) und dem Verk\u00e4ufer.<\/p><p>Dies macht PayPal zum vertrauensw\u00fcrdigsten Online-Zahlungssystem.<\/p><p>PayPal wird von Millionen von K\u00e4ufern vertraut! Es ist eine der beliebtesten Zahlungsmethoden. <\/p><p><strong>Paypal-Konto: <\/strong><\/p><p><strong>Vorauszahlungsrichtlinie<\/strong><\/p><p>Um eine Reservierung in den Nikiti Beach Apartments und Studios in Nikiti, Sithonia, Chalkidiki vorzunehmen, m\u00fcssen 25 % der Gesamtkosten Ihres Aufenthalts im Voraus bezahlt werden.<\/p>\t\t\t\t\t\t\t\t<\/div>\n\t\t\t\t\t<\/div>\n\t\t<\/div>\n\t\t\t\t\t<\/div>\n\t\t<\/section>\n\t\t\t\t<\/div>\n\t\t","protected":false},"excerpt":{"rendered":"<p>Zahlungsarten Die Zahlung kann erfolgen: Die Buchungsbest\u00e4tigung ist erst nach Eingang einer Anzahlung von 25 % der Gesamtkosten g\u00fcltig. a) Bank\u00fcberweisung Zahlen Sie per Bank\u00fcberweisung b) Paypal PayPal erm\u00f6glicht es jedem mit einer E-Mail-Adresse, online Geld zu senden und zu empfangen, und ist das erfahrenste Kreditkarten- und Scheckverarbeitungsunternehmen im Internet. PayPal nutzt bestehende Finanzinfrastrukturen von [&hellip;]<\/p>\n","protected":false},"author":1,"featured_media":0,"parent":0,"menu_order":0,"comment_status":"closed","ping_status":"closed","template":"","meta":{"footnotes":""},"class_list":["post-1664","page","type-page","status-publish","hentry"],"_links":{"self":[{"href":"https:\/\/nikitibeach.gr\/de\/wp-json\/wp\/v2\/pages\/1664","targetHints":{"allow":["GET"]}}],"collection":[{"href":"https:\/\/nikitibeach.gr\/de\/wp-json\/wp\/v2\/pages"}],"about":[{"href":"https:\/\/nikitibeach.gr\/de\/wp-json\/wp\/v2\/types\/page"}],"author":[{"embeddable":true,"href":"https:\/\/nikitibeach.gr\/de\/wp-json\/wp\/v2\/users\/1"}],"replies":[{"embeddable":true,"href":"https:\/\/nikitibeach.gr\/de\/wp-json\/wp\/v2\/comments?post=1664"}],"version-history":[{"count":1,"href":"https:\/\/nikitibeach.gr\/de\/wp-json\/wp\/v2\/pages\/1664\/revisions"}],"predecessor-version":[{"id":1665,"href":"https:\/\/nikitibeach.gr\/de\/wp-json\/wp\/v2\/pages\/1664\/revisions\/1665"}],"wp:attachment":[{"href":"https:\/\/nikitibeach.gr\/de\/wp-json\/wp\/v2\/media?parent=1664"}],"curies":[{"name":"wp","href":"https:\/\/api.w.org\/{rel}","templated":true}]}}