{"id":1675,"date":"2025-11-12T13:50:37","date_gmt":"2025-11-12T11:50:37","guid":{"rendered":"https:\/\/nikitibeach.gr\/reservierungsbedingungen\/"},"modified":"2026-01-14T12:09:59","modified_gmt":"2026-01-14T10:09:59","slug":"reservierungsbedingungen","status":"publish","type":"page","link":"https:\/\/nikitibeach.gr\/de\/reservierungsbedingungen\/","title":{"rendered":"Reservierungsbedingungen"},"content":{"rendered":"\t\t<div data-elementor-type=\"wp-page\" data-elementor-id=\"1675\" class=\"elementor elementor-1675 elementor-392\" data-elementor-post-type=\"page\">\n\t\t\t\t<div class=\"elementor-element elementor-element-ca4c214 e-con-full e-flex e-con e-parent\" data-id=\"ca4c214\" data-element_type=\"container\" data-e-type=\"container\" id=\"content\" data-settings=\"{&quot;background_background&quot;:&quot;classic&quot;}\">\n\t\t\t\t<div class=\"elementor-element elementor-element-be0b310 elementor-widget elementor-widget-heading\" data-id=\"be0b310\" data-element_type=\"widget\" data-e-type=\"widget\" data-widget_type=\"heading.default\">\n\t\t\t\t\t<h2 class=\"elementor-heading-title elementor-size-default\">Reservierungsbedingungen<\/h2>\t\t\t\t<\/div>\n\t\t\t\t<\/div>\n\t\t\t\t<section class=\"elementor-section elementor-top-section elementor-element elementor-element-3a55936 elementor-section-boxed elementor-section-height-default elementor-section-height-default\" data-id=\"3a55936\" data-element_type=\"section\" data-e-type=\"section\">\n\t\t\t\t\t\t<div class=\"elementor-container elementor-column-gap-default\">\n\t\t\t\t\t<div class=\"elementor-column elementor-col-100 elementor-top-column elementor-element elementor-element-4a1cd8f\" data-id=\"4a1cd8f\" data-element_type=\"column\" data-e-type=\"column\">\n\t\t\t<div class=\"elementor-widget-wrap elementor-element-populated\">\n\t\t\t\t\t\t<div class=\"elementor-element elementor-element-fd6dd71 elementor-widget elementor-widget-text-editor\" data-id=\"fd6dd71\" data-element_type=\"widget\" data-e-type=\"widget\" data-widget_type=\"text-editor.default\">\n\t\t\t\t\t\t\t\t\t<h3>Best\u00e4tigung der Reservierung<\/h3><p>Best\u00e4tigung der Reservierung<br>Die Reservierungsbest\u00e4tigung ist g\u00fcltig, sobald die Anzahlung, d. h. 25 % der Gesamtkosten des Aufenthalts, geleistet wurde.<br>Notiz:<br>i) Die Best\u00e4tigung der Verf\u00fcgbarkeit durch \u201eNikiti Beach\u201c f\u00fcr ein bestimmtes Datum bedeutet nicht, dass die Reservierung vorgenommen wurde und g\u00fcltig ist.<br>Damit jede Reservierung g\u00fcltig und endg\u00fcltig ist, muss eine Anzahlung in H\u00f6he von 25 % der Gesamtkosten des Aufenthalts geleistet werden.<br>ii) Die Anzahlung muss per Fax oder E-Mail sp\u00e4testens zu der von \u201eNikiti Beach\u201c angegebenen Frist erfolgen.<br>iii) Der Kautionsnachweis muss auch per Fax oder E-Mail an \u201eNikiti Beach\u201c \u00fcbermittelt werden.<\/p><p><strong>HINWEIS: Allf\u00e4llige Kosten der Hinterlegung sind vom Hinterleger zu tragen.<\/strong><\/p><p>R\u00fcckerstattung des Geldes<br>Im Falle einer Stornierung von pers\u00f6nlichen Reservierungen erfolgt eine R\u00fcckerstattung nur in den folgenden F\u00e4llen:<br>0% Stornogeb\u00fchren:<br>R\u00fcckerstattung der gesamten Anzahlung \u2013 Bei Stornierungsmitteilung bei \u201eNikiti Beach\u201c bis 30 Tage vor dem Ankunftsdatum.<br>Notiz:<br>i) 100 % der Anzahlung werden zur\u00fcckerstattet<br>ii) Die Stornierungsbenachrichtigung erfolgt per Fax oder E-Mail.<br>50% Stornokosten:<br>50 % der RESERVIERUNG werden in Rechnung gestellt, wenn die Stornierungsmitteilung bei \u201eNikiti Beach\u201c 21 Tage bis 30 Tage vor dem Ankunftsdatum erfolgt.<br>Notiz:<br>i) Der die Kaution \u00fcbersteigende Restbetrag wird auf die gleiche Weise wie die Kaution bezahlt<br>ii) Die Stornierungsbenachrichtigung erfolgt per Fax oder E-Mail.<br>100% Stornokosten:<br>Bei einer Stornierungsmitteilung bei \u201eNikiti Beach\u201c bis 20 Tage vor dem Ankunftsdatum werden 100 % der RESERVIERUNG berechnet.<br>Notiz:<br>i) Der gesamte Betrag wird bezahlt<br><strong>*Im Falle einer Stornierung der Reservierung w\u00e4hrend des Aufenthalts ist der Kunde verpflichtet, dem Unternehmen eine Entsch\u00e4digung in H\u00f6he von 50 % des Wertes der verbleibenden Tage des vereinbarten Zeitraums zu zahlen (Gesetz 1652\/86, Staatsanzeiger 167 A).<br><\/strong><br>Zahlung des Gesamtbetrages<br>Die Bezahlung der Reservierung erfolgt bei \u201eNikiti Beach\u201c vor dem Abreisedatum.<\/p>\t\t\t\t\t\t\t\t<\/div>\n\t\t\t\t\t<\/div>\n\t\t<\/div>\n\t\t\t\t\t<\/div>\n\t\t<\/section>\n\t\t\t\t<\/div>\n\t\t","protected":false},"excerpt":{"rendered":"<p>Reservierungsbedingungen Best\u00e4tigung der Reservierung Best\u00e4tigung der ReservierungDie Reservierungsbest\u00e4tigung ist g\u00fcltig, sobald die Anzahlung, d. h. 25 % der Gesamtkosten des Aufenthalts, geleistet wurde.Notiz:i) Die Best\u00e4tigung der Verf\u00fcgbarkeit durch \u201eNikiti Beach\u201c f\u00fcr ein bestimmtes Datum bedeutet nicht, dass die Reservierung vorgenommen wurde und g\u00fcltig ist.Damit jede Reservierung g\u00fcltig und endg\u00fcltig ist, muss eine Anzahlung in H\u00f6he [&hellip;]<\/p>\n","protected":false},"author":1,"featured_media":0,"parent":0,"menu_order":0,"comment_status":"closed","ping_status":"closed","template":"","meta":{"footnotes":""},"class_list":["post-1675","page","type-page","status-publish","hentry"],"_links":{"self":[{"href":"https:\/\/nikitibeach.gr\/de\/wp-json\/wp\/v2\/pages\/1675","targetHints":{"allow":["GET"]}}],"collection":[{"href":"https:\/\/nikitibeach.gr\/de\/wp-json\/wp\/v2\/pages"}],"about":[{"href":"https:\/\/nikitibeach.gr\/de\/wp-json\/wp\/v2\/types\/page"}],"author":[{"embeddable":true,"href":"https:\/\/nikitibeach.gr\/de\/wp-json\/wp\/v2\/users\/1"}],"replies":[{"embeddable":true,"href":"https:\/\/nikitibeach.gr\/de\/wp-json\/wp\/v2\/comments?post=1675"}],"version-history":[{"count":3,"href":"https:\/\/nikitibeach.gr\/de\/wp-json\/wp\/v2\/pages\/1675\/revisions"}],"predecessor-version":[{"id":1678,"href":"https:\/\/nikitibeach.gr\/de\/wp-json\/wp\/v2\/pages\/1675\/revisions\/1678"}],"wp:attachment":[{"href":"https:\/\/nikitibeach.gr\/de\/wp-json\/wp\/v2\/media?parent=1675"}],"curies":[{"name":"wp","href":"https:\/\/api.w.org\/{rel}","templated":true}]}}